{"id":56,"date":"2018-09-03T16:09:47","date_gmt":"2018-09-03T16:09:47","guid":{"rendered":"https:\/\/ilvaelektrik.al\/?page_id=56"},"modified":"2018-09-04T08:00:39","modified_gmt":"2018-09-04T08:00:39","slug":"rreth-nesh","status":"publish","type":"page","link":"https:\/\/ilvaelektrik.al\/index.php\/rreth-nesh\/","title":{"rendered":"Rreth Nesh"},"content":{"rendered":"<div class=\"wpb-content-wrapper\"><p>[vc_row][vc_column width=&#8221;1\/2&#8243;][vc_custom_heading text=&#8221;RRETH NESH&#8221; font_container=&#8221;tag:h2|font_size:16|text_align:left|color:%23ffdd59&#8243; google_fonts=&#8221;font_family:Roboto%3A100%2C100italic%2C300%2C300italic%2Cregular%2Citalic%2C500%2C500italic%2C700%2C700italic%2C900%2C900italic|font_style:400%20regular%3A400%3Anormal&#8221;][vc_custom_heading text=&#8221;NE JEMI ILVA ELEKTRIK&#8221; font_container=&#8221;tag:h2|font_size:40|text_align:left&#8221; google_fonts=&#8221;font_family:Roboto%3A100%2C100italic%2C300%2C300italic%2Cregular%2Citalic%2C500%2C500italic%2C700%2C700italic%2C900%2C900italic|font_style:700%20bold%20regular%3A700%3Anormal&#8221; css=&#8221;.vc_custom_1535987269977{margin-top: -20px !important;}&#8221;][vc_column_text]<\/p>\n<p style=\"text-align: justify;\">Shoqeria &#8220;ILVA ELEKTRIK&#8221; shpk\u00a0\u00a0\u00ebsht\u00eb krijuar me objekt\u00a0t\u00eb veprimtaris\u00eb tregeti materjalesh te ndryshme importi dhe eksporti i tyre.\u00a0Krahas aktivitetit tregetar te materjaleve te ndryshme shoqeria eshte e paisur nga Ministria e Puneve Publike,Transportit dhe e Telekomunikacionit me licensat e meposhteme :<\/p>\n<ul>\n<li>Te inxhinjerit elektrik<\/li>\n<li>Te shoqerise Ilva Elektrik shpk<\/li>\n<\/ul>\n<p>[\/vc_column_text][\/vc_column][vc_column width=&#8221;1\/2&#8243;][vc_single_image image=&#8221;64&#8243; img_size=&#8221;full&#8221; alignment=&#8221;center&#8221; image_hovers=&#8221;false&#8221;][\/vc_column][\/vc_row][vc_row bg_type=&#8221;bg_color&#8221; bg_override=&#8221;ex-full&#8221; bg_color_value=&#8221;#f7f7f7&#8243;][vc_column][vc_custom_heading text=&#8221;12 VITE EKSPERIENCE&#8221; font_container=&#8221;tag:h2|font_size:25|text_align:left|color:%23ffdd59&#8243; google_fonts=&#8221;font_family:Roboto%3A100%2C100italic%2C300%2C300italic%2Cregular%2Citalic%2C500%2C500italic%2C700%2C700italic%2C900%2C900italic|font_style:700%20bold%20regular%3A700%3Anormal&#8221;][vc_row_inner][vc_column_inner width=&#8221;1\/2&#8243;][vc_column_text]<\/p>\n<p style=\"text-align: justify;\">ILVA Elektrik eshte e specializuar ne tregtimin e materialeve dhe pajisjeve ku bejne pjese, percjellesa elektrik bakri dhe alumini, aparatura matje, sinjalizimi dhe laboratorike, kontaktore, rele te ndryshme, siguresa, celsa automat etj.\u00a0<span lang=\"IT\">Punime dhe sherbimet e ndryshme shoqeria i ka kryer ne sektoret e ndryshem te ekonomise si ndertim,bujqesi,miniera,shendetsi,energjitike ku ka realizuar<\/span><span lang=\"IT\">\u00a0me fondet e buxhetit te shtetit,te huaja dhe private linja te tensionit ulet,te\u00a0mesem<\/span><span lang=\"IT\">\u00a0 dhe te larte,kabina shtyllore dhe murture me\u00a0transformatore fuqie instalime per nevojat e furnizimit me energji elektrike te reparteve,fabrikave dhe linjave teknollogjike te industrise se lehte dhe ushqimore.\u00a0Sukseset e saj firma i mb\u00ebshtet n\u00eb eksperiencen e stafit te saj, korrekt\u00ebsen ndaj klientit si dhe n\u00eb gj\u00ebndjen e sh\u00ebndoshe financiare q\u00eb e kan\u00eb shoqeruar gjat\u00eb aktivitetit t\u00eb saj q\u00eb jan\u00eb elemente t\u00eb fort t\u00eb suksesit t\u00eb firm\u00ebs p\u00ebr momentin dhe p\u00ebr t\u00eb ardhmen e saj.<\/span><\/p>\n<p>[\/vc_column_text][\/vc_column_inner][vc_column_inner width=&#8221;1\/2&#8243;][vc_column_text]<\/p>\n<p style=\"text-align: justify;\">Shoqeria p\u00ebr t\u00eb kryer aktivitetin e saj ka n\u00eb pron\u00ebsi, zyr\u00eb dhe dyqan tregetar n\u00eb adres\u00ebn e m\u00ebsip\u00ebrme me siperfaqe 74m2 si dhe ambjente magazine prane Fabrikes Qelqit 200m2 siperfaqe e mbuluar si dhe mjete pune dhe vegla pune t\u00eb ndryshme .Shoqeria ka nje staf t\u00eb specializuar prej 6 specialistesh q\u00eb jan\u00eb b\u00ebrthama e aktivitetit dhe q\u00eb sh\u00ebrben p\u00ebr drejtimin e grupeve t\u00eb pun\u00ebs s\u00eb punonj\u00ebsve sipas nevojave p\u00ebr realizimin e punimeve dhe sherbimeve sipas standarteve bashkekohore dhe brenda afatit te caktuar. Shoqeria krahas punimeve te financuar nga buxheti i shtetit dhe sektori privat ne Shqiperi ka marre pjese ne projektet e financuar nga Banka Botrore,Banka Gjermane KFW,Banka Europiane,Italiane duke qene nenkontraktor me firma te huaja shume te fuqishme si : Strabag Austri,Bectel-Enka j.v.USA-Turqi,a.Hak Internacional Hollande dhe Irride Itali. Shoqeria ne aktivitetin e saj mbeshtetet ne partnered e huaj per furnizimin me materjale dhe makineri dhe paisje si :.<\/p>\n<p>[\/vc_column_text][\/vc_column_inner][\/vc_row_inner][\/vc_column][\/vc_row][vc_row bg_type=&#8221;image&#8221; parallax_style=&#8221;vcpb-default&#8221; bg_image_new=&#8221;id^85|url^https:\/\/ilvaelektrik.al\/wp-content\/uploads\/2018\/09\/banner2.jpg|caption^null|alt^null|title^null|description^null&#8221; bg_image_repeat=&#8221;no-repeat&#8221; bg_override=&#8221;ex-full&#8221; css=&#8221;.vc_custom_1536048030641{margin-bottom: -70px !important;}&#8221;][vc_column width=&#8221;1\/3&#8243;][vc_empty_space]<div class=\"aio-icon-component    style_1\"><div id=\"Info-box-wrap-5811\" class=\"aio-icon-box top-icon\" style=\"\"  ><div class=\"aio-icon-top\"><div class=\"ult-just-icon-wrapper  \"><div class=\"align-icon\" style=\"text-align:center;\">\n<div class=\"aio-icon-img \" style=\"font-size:60px;display:inline-block;\" >\n\t<img decoding=\"async\" class=\"img-icon\" alt=\"null\" src=\"https:\/\/ilvaelektrik.al\/wp-content\/uploads\/2018\/09\/electrician.png\"\/>\n<\/div><\/div><\/div><\/div><div class=\"aio-icon-header\" ><h3 class=\"aio-icon-title ult-responsive\"  data-ultimate-target='#Info-box-wrap-5811 .aio-icon-title'  data-responsive-json-new='{\"font-size\":\"\",\"line-height\":\"\"}'  style=\"color:#ffffff;\">Profesionist<\/h3><\/div> <!-- header --><div class=\"aio-icon-description ult-responsive\"  data-ultimate-target='#Info-box-wrap-5811 .aio-icon-description'  data-responsive-json-new='{\"font-size\":\"\",\"line-height\":\"\"}'  style=\"color:#ffffff;\">Suksesi yne mbeshtetet ne eksperiencen e stafit tone, korrektesine ndaj klientit si dhe stabilitetin e firmes.<\/div> <!-- description --><\/div> <!-- aio-icon-box --><\/div> <!-- aio-icon-component -->[vc_empty_space][\/vc_column][vc_column width=&#8221;1\/3&#8243;][vc_empty_space]<div class=\"aio-icon-component    style_1\"><div id=\"Info-box-wrap-9416\" class=\"aio-icon-box top-icon\" style=\"\"  ><div class=\"aio-icon-top\"><div class=\"ult-just-icon-wrapper  \"><div class=\"align-icon\" style=\"text-align:center;\">\n<div class=\"aio-icon-img \" style=\"font-size:60px;display:inline-block;\" >\n\t<img decoding=\"async\" class=\"img-icon\" alt=\"null\" src=\"https:\/\/ilvaelektrik.al\/wp-content\/uploads\/2018\/09\/flash.png\"\/>\n<\/div><\/div><\/div><\/div><div class=\"aio-icon-header\" ><h3 class=\"aio-icon-title ult-responsive\"  data-ultimate-target='#Info-box-wrap-9416 .aio-icon-title'  data-responsive-json-new='{\"font-size\":\"\",\"line-height\":\"\"}'  style=\"color:#ffffff;\">Sherbime<\/h3><\/div> <!-- header --><div class=\"aio-icon-description ult-responsive\"  data-ultimate-target='#Info-box-wrap-9416 .aio-icon-description'  data-responsive-json-new='{\"font-size\":\"\",\"line-height\":\"\"}'  style=\"color:#ffffff;\">Ne baze te objektit te aktivitetit te saj firma kryen studime, keshillime, projekte, mirmbajtje dhe preventiva.<\/div> <!-- description --><\/div> <!-- aio-icon-box --><\/div> <!-- aio-icon-component -->[vc_empty_space][\/vc_column][vc_column width=&#8221;1\/3&#8243;][vc_empty_space]<div class=\"aio-icon-component    style_1\"><div id=\"Info-box-wrap-9874\" class=\"aio-icon-box top-icon\" style=\"\"  ><div class=\"aio-icon-top\"><div class=\"ult-just-icon-wrapper  \"><div class=\"align-icon\" style=\"text-align:center;\">\n<div class=\"aio-icon-img \" style=\"font-size:60px;display:inline-block;\" >\n\t<img decoding=\"async\" class=\"img-icon\" alt=\"null\" src=\"https:\/\/ilvaelektrik.al\/wp-content\/uploads\/2018\/09\/plug.png\"\/>\n<\/div><\/div><\/div><\/div><div class=\"aio-icon-header\" ><h3 class=\"aio-icon-title ult-responsive\"  data-ultimate-target='#Info-box-wrap-9874 .aio-icon-title'  data-responsive-json-new='{\"font-size\":\"\",\"line-height\":\"\"}'  style=\"color:#ffffff;\">Produkte<\/h3><\/div> <!-- header --><div class=\"aio-icon-description ult-responsive\"  data-ultimate-target='#Info-box-wrap-9874 .aio-icon-description'  data-responsive-json-new='{\"font-size\":\"\",\"line-height\":\"\"}'  style=\"color:#ffffff;\">Ofrojme kolaudime, zbatim dhe mbikqyrje punimesh, tregeti materjalesh, makineri dhe pajisje.<\/div> <!-- description --><\/div> <!-- aio-icon-box --><\/div> <!-- aio-icon-component -->[vc_empty_space][\/vc_column][\/vc_row]<\/p>\n<\/div>","protected":false},"excerpt":{"rendered":"<p>[vc_row][vc_column width=&#8221;1\/2&#8243;][vc_custom_heading text=&#8221;RRETH NESH&#8221; font_container=&#8221;tag:h2|font_size:16|text_align:left|color:%23ffdd59&#8243; google_fonts=&#8221;font_family:Roboto%3A100%2C100italic%2C300%2C300italic%2Cregular%2Citalic%2C500%2C500italic%2C700%2C700italic%2C900%2C900italic|font_style:400%20regular%3A400%3Anormal&#8221;][vc_custom_heading text=&#8221;NE JEMI ILVA ELEKTRIK&#8221; font_container=&#8221;tag:h2|font_size:40|text_align:left&#8221; google_fonts=&#8221;font_family:Roboto%3A100%2C100italic%2C300%2C300italic%2Cregular%2Citalic%2C500%2C500italic%2C700%2C700italic%2C900%2C900italic|font_style:700%20bold%20regular%3A700%3Anormal&#8221; css=&#8221;.vc_custom_1535987269977{margin-top: -20px !important;}&#8221;][vc_column_text] Shoqeria &#8220;ILVA ELEKTRIK&#8221; shpk\u00a0\u00a0\u00ebsht\u00eb krijuar me objekt\u00a0t\u00eb veprimtaris\u00eb tregeti materjalesh te ndryshme importi dhe eksporti i tyre.\u00a0Krahas aktivitetit tregetar te materjaleve te ndryshme shoqeria eshte e paisur nga Ministria e Puneve Publike,Transportit dhe e Telekomunikacionit me licensat e meposhteme :&hellip;<\/p>\n","protected":false},"author":2,"featured_media":0,"parent":0,"menu_order":0,"comment_status":"closed","ping_status":"closed","template":"","meta":{"footnotes":""},"class_list":["post-56","page","type-page","status-publish","hentry","description-off"],"_links":{"self":[{"href":"https:\/\/ilvaelektrik.al\/index.php\/wp-json\/wp\/v2\/pages\/56","targetHints":{"allow":["GET"]}}],"collection":[{"href":"https:\/\/ilvaelektrik.al\/index.php\/wp-json\/wp\/v2\/pages"}],"about":[{"href":"https:\/\/ilvaelektrik.al\/index.php\/wp-json\/wp\/v2\/types\/page"}],"author":[{"embeddable":true,"href":"https:\/\/ilvaelektrik.al\/index.php\/wp-json\/wp\/v2\/users\/2"}],"replies":[{"embeddable":true,"href":"https:\/\/ilvaelektrik.al\/index.php\/wp-json\/wp\/v2\/comments?post=56"}],"version-history":[{"count":26,"href":"https:\/\/ilvaelektrik.al\/index.php\/wp-json\/wp\/v2\/pages\/56\/revisions"}],"predecessor-version":[{"id":89,"href":"https:\/\/ilvaelektrik.al\/index.php\/wp-json\/wp\/v2\/pages\/56\/revisions\/89"}],"wp:attachment":[{"href":"https:\/\/ilvaelektrik.al\/index.php\/wp-json\/wp\/v2\/media?parent=56"}],"curies":[{"name":"wp","href":"https:\/\/api.w.org\/{rel}","templated":true}]}}