{"id":136,"date":"2018-09-04T10:53:57","date_gmt":"2018-09-04T10:53:57","guid":{"rendered":"https:\/\/ilvaelektrik.al\/?page_id=136"},"modified":"2018-09-04T10:53:57","modified_gmt":"2018-09-04T10:53:57","slug":"makineri-pajisje","status":"publish","type":"page","link":"https:\/\/ilvaelektrik.al\/index.php\/makineri-pajisje\/","title":{"rendered":"Makineri &#038; Pajisje"},"content":{"rendered":"<div class=\"wpb-content-wrapper\"><p>[vc_row][vc_column][vc_custom_heading text=&#8221;Makineri dhe Paisje q\u00eb zot\u00ebron ILVA ELEKTRIK<br \/>\n&#8221; font_container=&#8221;tag:h2|font_size:20|text_align:left&#8221; google_fonts=&#8221;font_family:Roboto%3A100%2C100italic%2C300%2C300italic%2Cregular%2Citalic%2C500%2C500italic%2C700%2C700italic%2C900%2C900italic|font_style:700%20bold%20regular%3A700%3Anormal&#8221;][vc_row_inner][vc_column_inner width=&#8221;1\/2&#8243;]<div class=\"standard-arrow list-divider bullet-top\"><ul>\n<li>Kamion i tipit \u201cBenz\u201d\u00a0 me kapacitet prej 2.5 T<\/li>\n<li>T\u00eb gjitha makinat e rrug\u00ebve TOYOTA<\/li>\n<li>Gjenerator dhe gjenerator saldimi<\/li>\n<li>Platform\u00eb mb\u00ebshtet\u00ebse p\u00ebr kabuj<\/li>\n<li>Aparature p\u00ebr shtrirjen e kabullit<\/li>\n<li>Transformator test p\u00ebr voltazhin 75 kV<\/li>\n<\/ul>\n<\/div>[\/vc_column_inner][vc_column_inner width=&#8221;1\/2&#8243;]<div class=\"standard-arrow list-divider bullet-top\"><ul>\n<li>Aparate p\u00ebr testimin e pajisjeve elektrike<\/li>\n<li>Aparat Universal<\/li>\n<li>Aparatura p\u00ebr matjen e izolimit<\/li>\n<li>Aparatura p\u00ebr matjen e rezistencen e elketrodes s\u00eb tok\u00ebs<\/li>\n<li>Cekic elektrik, mjete p\u00ebr prerjen e paisjeve, vegla dore, paisje manual\u00a0 p\u00ebr prerjen e kaullit,<\/li>\n<li>pressure p\u00ebr kabull dhe t\u00eb gjitha paisjet e vogla t\u00eb nevojshme\u00a0 p\u00ebr t\u00eb plotesuar t\u00eb gjitha pun\u00ebt elekrike dhe mekanike.<\/li>\n<\/ul>\n<\/div>[\/vc_column_inner][\/vc_row_inner][\/vc_column][\/vc_row]<\/p>\n<\/div>","protected":false},"excerpt":{"rendered":"<p>[vc_row][vc_column][vc_custom_heading text=&#8221;Makineri dhe Paisje q\u00eb zot\u00ebron ILVA ELEKTRIK &#8221; font_container=&#8221;tag:h2|font_size:20|text_align:left&#8221; google_fonts=&#8221;font_family:Roboto%3A100%2C100italic%2C300%2C300italic%2Cregular%2Citalic%2C500%2C500italic%2C700%2C700italic%2C900%2C900italic|font_style:700%20bold%20regular%3A700%3Anormal&#8221;][vc_row_inner][vc_column_inner width=&#8221;1\/2&#8243;][\/vc_column_inner][vc_column_inner width=&#8221;1\/2&#8243;][\/vc_column_inner][\/vc_row_inner][\/vc_column][\/vc_row]<\/p>\n","protected":false},"author":2,"featured_media":0,"parent":0,"menu_order":0,"comment_status":"closed","ping_status":"closed","template":"","meta":{"footnotes":""},"class_list":["post-136","page","type-page","status-publish","hentry","description-off"],"_links":{"self":[{"href":"https:\/\/ilvaelektrik.al\/index.php\/wp-json\/wp\/v2\/pages\/136","targetHints":{"allow":["GET"]}}],"collection":[{"href":"https:\/\/ilvaelektrik.al\/index.php\/wp-json\/wp\/v2\/pages"}],"about":[{"href":"https:\/\/ilvaelektrik.al\/index.php\/wp-json\/wp\/v2\/types\/page"}],"author":[{"embeddable":true,"href":"https:\/\/ilvaelektrik.al\/index.php\/wp-json\/wp\/v2\/users\/2"}],"replies":[{"embeddable":true,"href":"https:\/\/ilvaelektrik.al\/index.php\/wp-json\/wp\/v2\/comments?post=136"}],"version-history":[{"count":3,"href":"https:\/\/ilvaelektrik.al\/index.php\/wp-json\/wp\/v2\/pages\/136\/revisions"}],"predecessor-version":[{"id":140,"href":"https:\/\/ilvaelektrik.al\/index.php\/wp-json\/wp\/v2\/pages\/136\/revisions\/140"}],"wp:attachment":[{"href":"https:\/\/ilvaelektrik.al\/index.php\/wp-json\/wp\/v2\/media?parent=136"}],"curies":[{"name":"wp","href":"https:\/\/api.w.org\/{rel}","templated":true}]}}